{"id":72,"date":"2021-05-04T08:43:39","date_gmt":"2021-05-04T08:43:39","guid":{"rendered":"https:\/\/sc.mundosati.com\/?page_id=72"},"modified":"2021-05-06T09:42:09","modified_gmt":"2021-05-06T09:42:09","slug":"que-hacemos","status":"publish","type":"page","link":"https:\/\/sc.mundosati.com\/?page_id=72","title":{"rendered":"QUE HACEMOS"},"content":{"rendered":"\t\t<div data-elementor-type=\"wp-page\" data-elementor-id=\"72\" class=\"elementor elementor-72\" data-elementor-settings=\"[]\">\n\t\t\t\t\t\t<div class=\"elementor-inner\">\n\t\t\t\t\t\t\t<div class=\"elementor-section-wrap\">\n\t\t\t\t\t\t\t<section class=\"elementor-section elementor-top-section elementor-element elementor-element-6bd12a0 elementor-section-stretched elementor-section-boxed elementor-section-height-default elementor-section-height-default\" data-id=\"6bd12a0\" data-element_type=\"section\" data-settings=\"{&quot;stretch_section&quot;:&quot;section-stretched&quot;}\">\n\t\t\t\t\t\t<div class=\"elementor-container elementor-column-gap-default\">\n\t\t\t\t\t\t\t<div class=\"elementor-row\">\n\t\t\t\t\t<div class=\"elementor-column elementor-col-100 elementor-top-column elementor-element elementor-element-d6c144d\" data-id=\"d6c144d\" data-element_type=\"column\">\n\t\t\t<div class=\"elementor-column-wrap elementor-element-populated\">\n\t\t\t\t\t\t\t<div class=\"elementor-widget-wrap\">\n\t\t\t\t\t\t<div class=\"elementor-element elementor-element-f3f6109 elementor-widget elementor-widget-text-editor\" data-id=\"f3f6109\" data-element_type=\"widget\" data-widget_type=\"text-editor.default\">\n\t\t\t\t<div class=\"elementor-widget-container\">\n\t\t\t\t\t\t\t\t<div class=\"elementor-text-editor elementor-clearfix\">\n\t\t\t\t<p style=\"text-align: left;\">Basicamente, nuestra labor consiste en prestar ayuda en la creaci\u00f3n y la gesti\u00f3n de las empresas, as\u00ed como ayudar a gestionar cuestiones particulares de diferente \u00edndole. A modo de resumen podr\u00edamos citar:<\/p>\t\t\t\t\t<\/div>\n\t\t\t\t\t\t<\/div>\n\t\t\t\t<\/div>\n\t\t\t\t\t\t<\/div>\n\t\t\t\t\t<\/div>\n\t\t<\/div>\n\t\t\t\t\t\t\t\t<\/div>\n\t\t\t\t\t<\/div>\n\t\t<\/section>\n\t\t\t\t<section class=\"elementor-section elementor-top-section elementor-element elementor-element-5a2894f elementor-section-stretched elementor-section-boxed elementor-section-height-default elementor-section-height-default\" data-id=\"5a2894f\" data-element_type=\"section\" data-settings=\"{&quot;stretch_section&quot;:&quot;section-stretched&quot;}\">\n\t\t\t\t\t\t<div class=\"elementor-container elementor-column-gap-default\">\n\t\t\t\t\t\t\t<div class=\"elementor-row\">\n\t\t\t\t\t<div class=\"elementor-column elementor-col-33 elementor-top-column elementor-element elementor-element-986c166\" data-id=\"986c166\" data-element_type=\"column\">\n\t\t\t<div class=\"elementor-column-wrap elementor-element-populated\">\n\t\t\t\t\t\t\t<div class=\"elementor-widget-wrap\">\n\t\t\t\t\t\t<div class=\"elementor-element elementor-element-4ed6911 elementor-widget elementor-widget-text-editor\" data-id=\"4ed6911\" data-element_type=\"widget\" data-widget_type=\"text-editor.default\">\n\t\t\t\t<div class=\"elementor-widget-container\">\n\t\t\t\t\t\t\t\t<div class=\"elementor-text-editor elementor-clearfix\">\n\t\t\t\t<p>ASESOR\u00cdA LABORAL<br \/>\u00b7Afiliaci\u00f3n de Empresas y Aut\u00f3nomos<br \/>\u00b7Asesoramiento en legislaci\u00f3n laboral<br \/>\u00b7Gesti\u00f3n de RRHH<br \/>\u00b7Selecci\u00f3n de Personal<br \/>\u00b7C\u00e1lculos y confecci\u00f3n de N\u00f3minas<br \/>\u00b7Confecci\u00f3n de boletines de cotizaci\u00f3n<br \/>\u00b7Altas, bajas, y variaciones de datos de empresa y trabajadores<br \/>\u00b7Apertura de centros de trabajo<br \/>\u00b7Inspecci\u00f3n de Trabajo<br \/>\u00b7Prevenci\u00f3n de Riesgos Laborales, y Vigilancia de la Salud<br \/>\u00b7Confecci\u00f3n y seguimiento de contratos, pr\u00f3rrogas,&#8230;<\/p>\t\t\t\t\t<\/div>\n\t\t\t\t\t\t<\/div>\n\t\t\t\t<\/div>\n\t\t\t\t\t\t<\/div>\n\t\t\t\t\t<\/div>\n\t\t<\/div>\n\t\t\t\t<div class=\"elementor-column elementor-col-33 elementor-top-column elementor-element elementor-element-3c4253f\" data-id=\"3c4253f\" data-element_type=\"column\">\n\t\t\t<div class=\"elementor-column-wrap elementor-element-populated\">\n\t\t\t\t\t\t\t<div class=\"elementor-widget-wrap\">\n\t\t\t\t\t\t<div class=\"elementor-element elementor-element-89e5107 elementor-widget elementor-widget-text-editor\" data-id=\"89e5107\" data-element_type=\"widget\" data-widget_type=\"text-editor.default\">\n\t\t\t\t<div class=\"elementor-widget-container\">\n\t\t\t\t\t\t\t\t<div class=\"elementor-text-editor elementor-clearfix\">\n\t\t\t\t<p>ASESOR\u00cdA FISCAL Y CONTABLE<br \/>\u00b7Asesoramiento en materias Contable y Fiscal<br \/>\u00b7Gesti\u00f3n Integral de Contabilidades y Fiscalidad<br \/>\u00b7Elaboraci\u00f3n y presentaci\u00f3n de cuentas anuales<br \/>\u00b7Declaraciones-Liquidaciones ante las administraciones (I.G.I.C., I.R.P.F.,&#8230;)<br \/>\u00b7Impuesto de Sociedades<br \/>\u00b7Impuesto sobre Transmisiones Patrimoniales<br \/>\u00b7Impuesto de Sucesiones y \u00b7Administraciones<\/p><p>\u00b7Declaraciones I.R.P.F.<\/p>\t\t\t\t\t<\/div>\n\t\t\t\t\t\t<\/div>\n\t\t\t\t<\/div>\n\t\t\t\t\t\t<\/div>\n\t\t\t\t\t<\/div>\n\t\t<\/div>\n\t\t\t\t<div class=\"elementor-column elementor-col-33 elementor-top-column elementor-element elementor-element-f8048ab\" data-id=\"f8048ab\" data-element_type=\"column\">\n\t\t\t<div class=\"elementor-column-wrap elementor-element-populated\">\n\t\t\t\t\t\t\t<div class=\"elementor-widget-wrap\">\n\t\t\t\t\t\t<div class=\"elementor-element elementor-element-c2b80e0 elementor-widget elementor-widget-text-editor\" data-id=\"c2b80e0\" data-element_type=\"widget\" data-widget_type=\"text-editor.default\">\n\t\t\t\t<div class=\"elementor-widget-container\">\n\t\t\t\t\t\t\t\t<div class=\"elementor-text-editor elementor-clearfix\">\n\t\t\t\t<p>GESTOR\u00cdA ADMINISTRATIVA<br \/>\u00b7Traspaso de Veh\u00edculos<br \/>\u00b7Matriculaciones<br \/>\u00b7Licencias<br \/>\u00b7Registros<br \/>\u00b7Certificados<br \/>\u00b7Escrituras<br \/>\u00b7Ley Org\u00e1nica de Protecci\u00f3n de datos<\/p>\t\t\t\t\t<\/div>\n\t\t\t\t\t\t<\/div>\n\t\t\t\t<\/div>\n\t\t\t\t<div class=\"elementor-element elementor-element-0e377c8 elementor-widget elementor-widget-text-editor\" data-id=\"0e377c8\" data-element_type=\"widget\" data-widget_type=\"text-editor.default\">\n\t\t\t\t<div class=\"elementor-widget-container\">\n\t\t\t\t\t\t\t\t<div class=\"elementor-text-editor elementor-clearfix\">\n\t\t\t\t<p>EXTRANJER\u00cdA<br \/>\u00b7Renovaci\u00f3n de permisos de residencia y trabajo<br \/>\u00b7Solicitud y renovaci\u00f3n de larga duraci\u00f3n telem\u00e1tica<br \/>\u00b7Arraigo<br \/>\u00b7Informes<br \/>\u00b7Reagrupaci\u00f3n familiar<br \/>\u00b7Nacionalidad<br \/>\u00b7Recursos en v\u00eda administrativa<\/p>\t\t\t\t\t<\/div>\n\t\t\t\t\t\t<\/div>\n\t\t\t\t<\/div>\n\t\t\t\t\t\t<\/div>\n\t\t\t\t\t<\/div>\n\t\t<\/div>\n\t\t\t\t\t\t\t\t<\/div>\n\t\t\t\t\t<\/div>\n\t\t<\/section>\n\t\t\t\t<section class=\"elementor-section elementor-top-section elementor-element elementor-element-037ae19 elementor-section-stretched elementor-section-boxed elementor-section-height-default elementor-section-height-default\" data-id=\"037ae19\" data-element_type=\"section\" data-settings=\"{&quot;stretch_section&quot;:&quot;section-stretched&quot;}\">\n\t\t\t\t\t\t<div class=\"elementor-container elementor-column-gap-default\">\n\t\t\t\t\t\t\t<div class=\"elementor-row\">\n\t\t\t\t\t<div class=\"elementor-column elementor-col-33 elementor-top-column elementor-element elementor-element-b57d197\" data-id=\"b57d197\" data-element_type=\"column\">\n\t\t\t<div class=\"elementor-column-wrap elementor-element-populated\">\n\t\t\t\t\t\t\t<div class=\"elementor-widget-wrap\">\n\t\t\t\t\t\t<div class=\"elementor-element elementor-element-12ce467 elementor-widget elementor-widget-text-editor\" data-id=\"12ce467\" data-element_type=\"widget\" data-widget_type=\"text-editor.default\">\n\t\t\t\t<div class=\"elementor-widget-container\">\n\t\t\t\t\t\t\t\t<div class=\"elementor-text-editor elementor-clearfix\">\n\t\t\t\t<p>SEGUROS GENERALES<br \/>\u00b7Corredur\u00eda de Seguros<br \/>\u00b7Seguros de Convenio<br \/>\u00b7Seguros de R.C.<br \/>\u00b7Planes de Ahorro<br \/>\u00b7Seguros de Comercio<br \/>\u00b7Seguros de Salud<br \/>\u00b7Seguros Patrimoniales (Hogar, Oficina, Naves, Fincas,&#8230;)<br \/>\u00b7Seguros Auto<\/p>\t\t\t\t\t<\/div>\n\t\t\t\t\t\t<\/div>\n\t\t\t\t<\/div>\n\t\t\t\t\t\t<\/div>\n\t\t\t\t\t<\/div>\n\t\t<\/div>\n\t\t\t\t<div class=\"elementor-column elementor-col-33 elementor-top-column elementor-element elementor-element-2dbb873\" data-id=\"2dbb873\" data-element_type=\"column\">\n\t\t\t<div class=\"elementor-column-wrap elementor-element-populated\">\n\t\t\t\t\t\t\t<div class=\"elementor-widget-wrap\">\n\t\t\t\t\t\t<div class=\"elementor-element elementor-element-3c61a85 elementor-widget elementor-widget-text-editor\" data-id=\"3c61a85\" data-element_type=\"widget\" data-widget_type=\"text-editor.default\">\n\t\t\t\t<div class=\"elementor-widget-container\">\n\t\t\t\t\t\t\t\t<div class=\"elementor-text-editor elementor-clearfix\">\n\t\t\t\t<p>SERVICIOS DE COMUNICACI\u00d3N<br \/>\u00b7Publicidad<br \/>\u00b7Escaparatismo<br \/>\u00b7Estrategias<br \/>\u00b7Formaci\u00f3n<\/p>\t\t\t\t\t<\/div>\n\t\t\t\t\t\t<\/div>\n\t\t\t\t<\/div>\n\t\t\t\t\t\t<\/div>\n\t\t\t\t\t<\/div>\n\t\t<\/div>\n\t\t\t\t<div class=\"elementor-column elementor-col-33 elementor-top-column elementor-element elementor-element-0571cf3\" data-id=\"0571cf3\" data-element_type=\"column\">\n\t\t\t<div class=\"elementor-column-wrap elementor-element-populated\">\n\t\t\t\t\t\t\t<div class=\"elementor-widget-wrap\">\n\t\t\t\t\t\t<div class=\"elementor-element elementor-element-1388e27 elementor-widget elementor-widget-text-editor\" data-id=\"1388e27\" data-element_type=\"widget\" data-widget_type=\"text-editor.default\">\n\t\t\t\t<div class=\"elementor-widget-container\">\n\t\t\t\t\t\t\t\t<div class=\"elementor-text-editor elementor-clearfix\">\n\t\t\t\t<p>OTRAS ASESORIAS:<\/p><p>\u00b7ASESOR\u00cdA FINANCIERA<\/p><p>\u00b7ASESOR\u00cdA JUR\u00cdDICA<\/p>\t\t\t\t\t<\/div>\n\t\t\t\t\t\t<\/div>\n\t\t\t\t<\/div>\n\t\t\t\t\t\t<\/div>\n\t\t\t\t\t<\/div>\n\t\t<\/div>\n\t\t\t\t\t\t\t\t<\/div>\n\t\t\t\t\t<\/div>\n\t\t<\/section>\n\t\t\t\t\t\t<\/div>\n\t\t\t\t\t\t<\/div>\n\t\t\t\t\t<\/div>\n\t\t","protected":false},"excerpt":{"rendered":"<p>Basicamente, nuestra labor consiste en prestar ayuda en la creaci\u00f3n y la [&hellip;]<\/p>\n","protected":false},"author":1,"featured_media":0,"parent":0,"menu_order":0,"comment_status":"closed","ping_status":"closed","template":"","meta":[],"_links":{"self":[{"href":"https:\/\/sc.mundosati.com\/index.php?rest_route=\/wp\/v2\/pages\/72"}],"collection":[{"href":"https:\/\/sc.mundosati.com\/index.php?rest_route=\/wp\/v2\/pages"}],"about":[{"href":"https:\/\/sc.mundosati.com\/index.php?rest_route=\/wp\/v2\/types\/page"}],"author":[{"embeddable":true,"href":"https:\/\/sc.mundosati.com\/index.php?rest_route=\/wp\/v2\/users\/1"}],"replies":[{"embeddable":true,"href":"https:\/\/sc.mundosati.com\/index.php?rest_route=%2Fwp%2Fv2%2Fcomments&post=72"}],"version-history":[{"count":10,"href":"https:\/\/sc.mundosati.com\/index.php?rest_route=\/wp\/v2\/pages\/72\/revisions"}],"predecessor-version":[{"id":154,"href":"https:\/\/sc.mundosati.com\/index.php?rest_route=\/wp\/v2\/pages\/72\/revisions\/154"}],"wp:attachment":[{"href":"https:\/\/sc.mundosati.com\/index.php?rest_route=%2Fwp%2Fv2%2Fmedia&parent=72"}],"curies":[{"name":"wp","href":"https:\/\/api.w.org\/{rel}","templated":true}]}}